{"id":159,"date":"2022-02-21T13:12:58","date_gmt":"2022-02-21T13:12:58","guid":{"rendered":"http:\/\/e-amonit.pl\/?page_id=159"},"modified":"2022-02-21T13:20:55","modified_gmt":"2022-02-21T13:20:55","slug":"wynajem-busa","status":"publish","type":"page","link":"https:\/\/e-amonit.pl\/?page_id=159","title":{"rendered":"WYNAJEM BUSA"},"content":{"rendered":"\n<p>Naszym klientom oferujemy mo\u017cliwo\u015b\u0107 wyjazd\u00f3w o\u015bmio osobowym busem na terenie kraju jak i zagranicy. Ka\u017cda taka wyprawa wyceniana jest indywidulanie.<\/p>\n\n\n\n<figure class=\"wp-block-image size-large is-resized\"><img loading=\"lazy\" src=\"https:\/\/e-amonit.pl\/wp-content\/uploads\/2022\/02\/20211024_124232-1-768x1024.jpg\" alt=\"\" class=\"wp-image-168\" width=\"675\" height=\"900\" srcset=\"https:\/\/e-amonit.pl\/wp-content\/uploads\/2022\/02\/20211024_124232-1-768x1024.jpg 768w, https:\/\/e-amonit.pl\/wp-content\/uploads\/2022\/02\/20211024_124232-1-225x300.jpg 225w, https:\/\/e-amonit.pl\/wp-content\/uploads\/2022\/02\/20211024_124232-1-1152x1536.jpg 1152w, https:\/\/e-amonit.pl\/wp-content\/uploads\/2022\/02\/20211024_124232-1-1536x2048.jpg 1536w, https:\/\/e-amonit.pl\/wp-content\/uploads\/2022\/02\/20211024_124232-1-scaled.jpg 1920w\" sizes=\"(max-width: 675px) 100vw, 675px\" \/><\/figure>\n\n\n\n<p><\/p>\n","protected":false},"excerpt":{"rendered":"<p>Naszym klientom oferujemy mo\u017cliwo\u015b\u0107 wyjazd\u00f3w o\u015bmio osobowym busem na terenie kraju jak i zagranicy. Ka\u017cda taka wyprawa wyceniana jest indywidulanie.<\/p>\n","protected":false},"author":1,"featured_media":0,"parent":0,"menu_order":0,"comment_status":"closed","ping_status":"closed","template":"","meta":{"spay_email":""},"_links":{"self":[{"href":"https:\/\/e-amonit.pl\/index.php?rest_route=\/wp\/v2\/pages\/159"}],"collection":[{"href":"https:\/\/e-amonit.pl\/index.php?rest_route=\/wp\/v2\/pages"}],"about":[{"href":"https:\/\/e-amonit.pl\/index.php?rest_route=\/wp\/v2\/types\/page"}],"author":[{"embeddable":true,"href":"https:\/\/e-amonit.pl\/index.php?rest_route=\/wp\/v2\/users\/1"}],"replies":[{"embeddable":true,"href":"https:\/\/e-amonit.pl\/index.php?rest_route=%2Fwp%2Fv2%2Fcomments&post=159"}],"version-history":[{"count":7,"href":"https:\/\/e-amonit.pl\/index.php?rest_route=\/wp\/v2\/pages\/159\/revisions"}],"predecessor-version":[{"id":172,"href":"https:\/\/e-amonit.pl\/index.php?rest_route=\/wp\/v2\/pages\/159\/revisions\/172"}],"wp:attachment":[{"href":"https:\/\/e-amonit.pl\/index.php?rest_route=%2Fwp%2Fv2%2Fmedia&parent=159"}],"curies":[{"name":"wp","href":"https:\/\/api.w.org\/{rel}","templated":true}]}}